{"id":13,"date":"2021-04-25T17:14:23","date_gmt":"2021-04-25T17:14:23","guid":{"rendered":"https:\/\/goldschmiede-voege.de\/?page_id=13"},"modified":"2021-05-05T13:24:49","modified_gmt":"2021-05-05T13:24:49","slug":"vita","status":"publish","type":"page","link":"https:\/\/goldschmiede-voege.de\/?page_id=13","title":{"rendered":"Vita"},"content":{"rendered":"\n<figure class=\"wp-block-image size-large\"><a href=\"https:\/\/goldschmiede-voege.de\/wp-content\/uploads\/2021\/04\/Schmuck-20.jpg\" target=\"_blank\" rel=\"noopener\"><img decoding=\"async\" loading=\"lazy\" width=\"1024\" height=\"462\" src=\"https:\/\/goldschmiede-voege.de\/wp-content\/uploads\/2021\/04\/Schmuck-20-1024x462.jpg\" alt=\"\" class=\"wp-image-325\" srcset=\"https:\/\/goldschmiede-voege.de\/wp-content\/uploads\/2021\/04\/Schmuck-20-1024x462.jpg 1024w, https:\/\/goldschmiede-voege.de\/wp-content\/uploads\/2021\/04\/Schmuck-20-300x135.jpg 300w, https:\/\/goldschmiede-voege.de\/wp-content\/uploads\/2021\/04\/Schmuck-20-768x347.jpg 768w, https:\/\/goldschmiede-voege.de\/wp-content\/uploads\/2021\/04\/Schmuck-20.jpg 1500w\" sizes=\"(max-width: 706px) 89vw, (max-width: 767px) 82vw, 740px\" \/><\/a><\/figure>\n\n\n\n<p style=\"line-height:1.3\">Maren V\u00f6ge durchlief nach dem Abitur zuerst einmal eine handwerklich-solide, dreieinhalbj\u00e4hrliche Ausbildung in Stade\/ Niedersachsen.<\/p>\n\n\n\n<p style=\"line-height:1.3\">Im Anschluss daran bildete sie sich viele Monate in Stockholm\/ Schweden weiter, um darauffolgend sieben Jahre lang  vielerlei Erfahrungen in verschiedenen, norddeutschen Goldschmiedewerkst\u00e4tten zu sammeln.<\/p>\n\n\n\n<p style=\"line-height:1.3\">In dieser Zeit lagen ihre Schwerpunkte auf komplexe Reparatur- und Umbauarbeiten an Schmuckst\u00fccken und auf die Produktion von Unikatschmuck.<\/p>\n\n\n\n<p style=\"line-height:1.3\">Parallel zu diesen Arbeiten absolvierte sie Fachlehrg\u00e4nge zu Edelsteinfassen und Oberfl\u00e4chengestaltung. <\/p>\n\n\n\n<p style=\"line-height:1.3\">Der erfolgreiche Abschlu\u00df der Meisterpr\u00fcfung erfolgte anschlie\u00dfend in Hamburg. <\/p>\n\n\n\n<figure class=\"wp-block-image size-large\"><img decoding=\"async\" loading=\"lazy\" width=\"400\" height=\"248\" src=\"http:\/\/goldschmiede-voege.de\/wp-content\/uploads\/2021\/04\/1526.jpg\" alt=\"\" class=\"wp-image-58\" srcset=\"https:\/\/goldschmiede-voege.de\/wp-content\/uploads\/2021\/04\/1526.jpg 400w, https:\/\/goldschmiede-voege.de\/wp-content\/uploads\/2021\/04\/1526-300x186.jpg 300w\" sizes=\"(max-width: 400px) 100vw, 400px\" \/><figcaption>Maren V\u00f6ge <\/figcaption><\/figure>\n\n\n\n<p style=\"line-height:1.3\">Ab 2004 arbeitet die Goldschmiedemeisterin selbst\u00e4ndig und ist seit 2018 Eigent\u00fcmerin der Goldschmiede in Brodersdorf (Schleswig Holstein).<\/p>\n\n\n\n<p><\/p>\n\n\n\n<p><\/p>\n","protected":false},"excerpt":{"rendered":"<p>Maren V\u00f6ge durchlief nach dem Abitur zuerst einmal eine handwerklich-solide, dreieinhalbj\u00e4hrliche Ausbildung in Stade\/ Niedersachsen. Im Anschluss daran bildete sie sich viele Monate in Stockholm\/ Schweden weiter, um darauffolgend sieben Jahre lang vielerlei Erfahrungen in verschiedenen, norddeutschen Goldschmiedewerkst\u00e4tten zu sammeln. In dieser Zeit lagen ihre Schwerpunkte auf komplexe Reparatur- und Umbauarbeiten an Schmuckst\u00fccken und auf &hellip; <\/p>\n<p class=\"link-more\"><a href=\"https:\/\/goldschmiede-voege.de\/?page_id=13\" class=\"more-link\"><span class=\"screen-reader-text\">\u201eVita\u201c<\/span> weiterlesen<\/a><\/p>\n","protected":false},"author":1,"featured_media":0,"parent":0,"menu_order":0,"comment_status":"closed","ping_status":"closed","template":"","meta":{"footnotes":""},"_links":{"self":[{"href":"https:\/\/goldschmiede-voege.de\/index.php?rest_route=\/wp\/v2\/pages\/13"}],"collection":[{"href":"https:\/\/goldschmiede-voege.de\/index.php?rest_route=\/wp\/v2\/pages"}],"about":[{"href":"https:\/\/goldschmiede-voege.de\/index.php?rest_route=\/wp\/v2\/types\/page"}],"author":[{"embeddable":true,"href":"https:\/\/goldschmiede-voege.de\/index.php?rest_route=\/wp\/v2\/users\/1"}],"replies":[{"embeddable":true,"href":"https:\/\/goldschmiede-voege.de\/index.php?rest_route=%2Fwp%2Fv2%2Fcomments&post=13"}],"version-history":[{"count":17,"href":"https:\/\/goldschmiede-voege.de\/index.php?rest_route=\/wp\/v2\/pages\/13\/revisions"}],"predecessor-version":[{"id":391,"href":"https:\/\/goldschmiede-voege.de\/index.php?rest_route=\/wp\/v2\/pages\/13\/revisions\/391"}],"wp:attachment":[{"href":"https:\/\/goldschmiede-voege.de\/index.php?rest_route=%2Fwp%2Fv2%2Fmedia&parent=13"}],"curies":[{"name":"wp","href":"https:\/\/api.w.org\/{rel}","templated":true}]}}