{"id":213,"date":"2021-04-26T18:06:32","date_gmt":"2021-04-26T18:06:32","guid":{"rendered":"https:\/\/goldschmiede-voege.de\/?page_id=213"},"modified":"2021-04-28T07:28:49","modified_gmt":"2021-04-28T07:28:49","slug":"materialien","status":"publish","type":"page","link":"https:\/\/goldschmiede-voege.de\/?page_id=213","title":{"rendered":"Materialien &#038; Verarbeitung"},"content":{"rendered":"\n<figure class=\"wp-block-image size-large\"><a href=\"https:\/\/goldschmiede-voege.de\/wp-content\/uploads\/2021\/04\/Ketten.jpg\" target=\"_blank\" rel=\"noopener\"><img decoding=\"async\" loading=\"lazy\" width=\"1024\" height=\"484\" src=\"http:\/\/goldschmiede-voege.de\/wp-content\/uploads\/2021\/04\/Ketten-1024x484.jpg\" alt=\"\" class=\"wp-image-214\" srcset=\"https:\/\/goldschmiede-voege.de\/wp-content\/uploads\/2021\/04\/Ketten-1024x484.jpg 1024w, https:\/\/goldschmiede-voege.de\/wp-content\/uploads\/2021\/04\/Ketten-300x142.jpg 300w, https:\/\/goldschmiede-voege.de\/wp-content\/uploads\/2021\/04\/Ketten-768x363.jpg 768w, https:\/\/goldschmiede-voege.de\/wp-content\/uploads\/2021\/04\/Ketten-1536x726.jpg 1536w, https:\/\/goldschmiede-voege.de\/wp-content\/uploads\/2021\/04\/Ketten.jpg 1597w\" sizes=\"(max-width: 706px) 89vw, (max-width: 767px) 82vw, 740px\" \/><\/a><\/figure>\n\n\n\n<p>Das weitgef\u00e4cherte Interessensspektrum und die gro\u00dfe Freude an der Materie erm\u00f6glichen Maren V\u00f6ge eine spielerisch-vielf\u00e4ltige Entwicklung einmaliger Schmuckkunst f\u00fcr jeden Kundenwunsch.<\/p>\n\n\n\n<p>Die Goldschmiedemeisterin verarbeitet dabei haupts\u00e4chlich Gold, Silber &amp; Platin. F\u00fcr eine vergr\u00f6\u00dferte Ansicht bitte auf die Bilder dr\u00fccken.<\/p>\n\n\n\n<figure class=\"wp-block-image size-large\"><a href=\"https:\/\/goldschmiede-voege.de\/wp-content\/uploads\/2021\/04\/IMG-20210423-WA0061.jpg\" target=\"_blank\" rel=\"noopener\"><img decoding=\"async\" loading=\"lazy\" width=\"1024\" height=\"576\" src=\"https:\/\/goldschmiede-voege.de\/wp-content\/uploads\/2021\/04\/IMG-20210423-WA0061-1024x576.jpg\" alt=\"\" class=\"wp-image-215\" srcset=\"https:\/\/goldschmiede-voege.de\/wp-content\/uploads\/2021\/04\/IMG-20210423-WA0061-1024x576.jpg 1024w, https:\/\/goldschmiede-voege.de\/wp-content\/uploads\/2021\/04\/IMG-20210423-WA0061-300x169.jpg 300w, https:\/\/goldschmiede-voege.de\/wp-content\/uploads\/2021\/04\/IMG-20210423-WA0061-768x432.jpg 768w, https:\/\/goldschmiede-voege.de\/wp-content\/uploads\/2021\/04\/IMG-20210423-WA0061-1536x864.jpg 1536w, https:\/\/goldschmiede-voege.de\/wp-content\/uploads\/2021\/04\/IMG-20210423-WA0061.jpg 1600w\" sizes=\"(max-width: 706px) 89vw, (max-width: 767px) 82vw, 740px\" \/><\/a><\/figure>\n\n\n\n<p>Alle Arbeiten in der Goldschmiede werden auf Kundenwunsch mit oder ohne Auftrag, als Neuauftrag oder auch als Umarbeitung angefertigt.<\/p>\n\n\n\n<figure class=\"wp-block-image size-large\"><a href=\"https:\/\/goldschmiede-voege.de\/wp-content\/uploads\/2021\/04\/IMG-20210423-WA0060.jpg\" target=\"_blank\" rel=\"noopener\"><img decoding=\"async\" loading=\"lazy\" width=\"1024\" height=\"576\" src=\"https:\/\/goldschmiede-voege.de\/wp-content\/uploads\/2021\/04\/IMG-20210423-WA0060-1024x576.jpg\" alt=\"\" class=\"wp-image-222\" srcset=\"https:\/\/goldschmiede-voege.de\/wp-content\/uploads\/2021\/04\/IMG-20210423-WA0060-1024x576.jpg 1024w, https:\/\/goldschmiede-voege.de\/wp-content\/uploads\/2021\/04\/IMG-20210423-WA0060-300x169.jpg 300w, https:\/\/goldschmiede-voege.de\/wp-content\/uploads\/2021\/04\/IMG-20210423-WA0060-768x432.jpg 768w, https:\/\/goldschmiede-voege.de\/wp-content\/uploads\/2021\/04\/IMG-20210423-WA0060-1536x864.jpg 1536w, https:\/\/goldschmiede-voege.de\/wp-content\/uploads\/2021\/04\/IMG-20210423-WA0060.jpg 1600w\" sizes=\"(max-width: 706px) 89vw, (max-width: 767px) 82vw, 740px\" \/><\/a><\/figure>\n\n\n\n<p>Sie sind herzlich eingeladen, sich in der Goldschmiede in Brodersdorf alle vorr\u00e4tigen Schmuckst\u00fccke anzuschauen und Ihre eigenen Ideen und W\u00fcnsche mit einzubringen.<\/p>\n\n\n\n<figure class=\"wp-block-image size-large\"><a href=\"https:\/\/goldschmiede-voege.de\/wp-content\/uploads\/2021\/04\/IMG-20210423-WA0059.jpg\" target=\"_blank\" rel=\"noopener\"><img decoding=\"async\" loading=\"lazy\" width=\"1024\" height=\"576\" src=\"https:\/\/goldschmiede-voege.de\/wp-content\/uploads\/2021\/04\/IMG-20210423-WA0059-1024x576.jpg\" alt=\"\" class=\"wp-image-223\" srcset=\"https:\/\/goldschmiede-voege.de\/wp-content\/uploads\/2021\/04\/IMG-20210423-WA0059-1024x576.jpg 1024w, https:\/\/goldschmiede-voege.de\/wp-content\/uploads\/2021\/04\/IMG-20210423-WA0059-300x169.jpg 300w, https:\/\/goldschmiede-voege.de\/wp-content\/uploads\/2021\/04\/IMG-20210423-WA0059-768x432.jpg 768w, https:\/\/goldschmiede-voege.de\/wp-content\/uploads\/2021\/04\/IMG-20210423-WA0059-1536x864.jpg 1536w, https:\/\/goldschmiede-voege.de\/wp-content\/uploads\/2021\/04\/IMG-20210423-WA0059.jpg 1600w\" sizes=\"(max-width: 706px) 89vw, (max-width: 767px) 82vw, 740px\" \/><\/a><\/figure>\n\n\n\n<p>In der Goldschmiede wird mit allerlei wertvollen Steinen, Edelsteinen und Perlen jedweder Art gearbeitet. Von Rubin \u00fcber Diamant bis hin zu Turmalin und Saphir oder Smaragd werden Edelsteine bester G\u00fcte und Sch\u00f6nheit verarbeitet. <\/p>\n\n\n\n<p>Dem Kundenwunsch f\u00fcr sein Schmuckst\u00fcck sind sehr wenige Grenzen gesetzt.<\/p>\n\n\n\n<figure class=\"wp-block-image size-large is-resized\"><a href=\"https:\/\/goldschmiede-voege.de\/wp-content\/uploads\/2021\/04\/Ketten-2.jpg\" target=\"_blank\" rel=\"noopener\"><img decoding=\"async\" loading=\"lazy\" src=\"https:\/\/goldschmiede-voege.de\/wp-content\/uploads\/2021\/04\/Ketten-2-1024x915.jpg\" alt=\"\" class=\"wp-image-230\" width=\"674\" height=\"602\" srcset=\"https:\/\/goldschmiede-voege.de\/wp-content\/uploads\/2021\/04\/Ketten-2-1024x915.jpg 1024w, https:\/\/goldschmiede-voege.de\/wp-content\/uploads\/2021\/04\/Ketten-2-300x268.jpg 300w, https:\/\/goldschmiede-voege.de\/wp-content\/uploads\/2021\/04\/Ketten-2-768x686.jpg 768w, https:\/\/goldschmiede-voege.de\/wp-content\/uploads\/2021\/04\/Ketten-2-1536x1373.jpg 1536w, https:\/\/goldschmiede-voege.de\/wp-content\/uploads\/2021\/04\/Ketten-2-2048x1830.jpg 2048w\" sizes=\"(max-width: 674px) 100vw, 674px\" \/><\/a><\/figure>\n","protected":false},"excerpt":{"rendered":"<p>Das weitgef\u00e4cherte Interessensspektrum und die gro\u00dfe Freude an der Materie erm\u00f6glichen Maren V\u00f6ge eine spielerisch-vielf\u00e4ltige Entwicklung einmaliger Schmuckkunst f\u00fcr jeden Kundenwunsch. Die Goldschmiedemeisterin verarbeitet dabei haupts\u00e4chlich Gold, Silber &amp; Platin. F\u00fcr eine vergr\u00f6\u00dferte Ansicht bitte auf die Bilder dr\u00fccken. Alle Arbeiten in der Goldschmiede werden auf Kundenwunsch mit oder ohne Auftrag, als Neuauftrag oder auch &hellip; <\/p>\n<p class=\"link-more\"><a href=\"https:\/\/goldschmiede-voege.de\/?page_id=213\" class=\"more-link\"><span class=\"screen-reader-text\">\u201eMaterialien &#038; Verarbeitung\u201c<\/span> weiterlesen<\/a><\/p>\n","protected":false},"author":1,"featured_media":0,"parent":0,"menu_order":0,"comment_status":"closed","ping_status":"closed","template":"","meta":{"footnotes":""},"_links":{"self":[{"href":"https:\/\/goldschmiede-voege.de\/index.php?rest_route=\/wp\/v2\/pages\/213"}],"collection":[{"href":"https:\/\/goldschmiede-voege.de\/index.php?rest_route=\/wp\/v2\/pages"}],"about":[{"href":"https:\/\/goldschmiede-voege.de\/index.php?rest_route=\/wp\/v2\/types\/page"}],"author":[{"embeddable":true,"href":"https:\/\/goldschmiede-voege.de\/index.php?rest_route=\/wp\/v2\/users\/1"}],"replies":[{"embeddable":true,"href":"https:\/\/goldschmiede-voege.de\/index.php?rest_route=%2Fwp%2Fv2%2Fcomments&post=213"}],"version-history":[{"count":11,"href":"https:\/\/goldschmiede-voege.de\/index.php?rest_route=\/wp\/v2\/pages\/213\/revisions"}],"predecessor-version":[{"id":320,"href":"https:\/\/goldschmiede-voege.de\/index.php?rest_route=\/wp\/v2\/pages\/213\/revisions\/320"}],"wp:attachment":[{"href":"https:\/\/goldschmiede-voege.de\/index.php?rest_route=%2Fwp%2Fv2%2Fmedia&parent=213"}],"curies":[{"name":"wp","href":"https:\/\/api.w.org\/{rel}","templated":true}]}}