{"id":239,"date":"2021-04-27T07:02:13","date_gmt":"2021-04-27T07:02:13","guid":{"rendered":"https:\/\/goldschmiede-voege.de\/?page_id=239"},"modified":"2024-02-23T14:29:16","modified_gmt":"2024-02-23T14:29:16","slug":"nella","status":"publish","type":"page","link":"https:\/\/goldschmiede-voege.de\/?page_id=239","title":{"rendered":"Nella &#038; Lea"},"content":{"rendered":"\n<figure class=\"wp-block-image size-large\"><a href=\"https:\/\/goldschmiede-voege.de\/wp-content\/uploads\/2021\/04\/Schmuck-07.jpg\" target=\"_blank\" rel=\"noopener\"><img decoding=\"async\" loading=\"lazy\" width=\"1024\" height=\"470\" src=\"https:\/\/goldschmiede-voege.de\/wp-content\/uploads\/2021\/04\/Schmuck-07-1024x470.jpg\" alt=\"\" class=\"wp-image-377\" srcset=\"https:\/\/goldschmiede-voege.de\/wp-content\/uploads\/2021\/04\/Schmuck-07-1024x470.jpg 1024w, https:\/\/goldschmiede-voege.de\/wp-content\/uploads\/2021\/04\/Schmuck-07-300x138.jpg 300w, https:\/\/goldschmiede-voege.de\/wp-content\/uploads\/2021\/04\/Schmuck-07-768x352.jpg 768w, https:\/\/goldschmiede-voege.de\/wp-content\/uploads\/2021\/04\/Schmuck-07.jpg 1500w\" sizes=\"(max-width: 706px) 89vw, (max-width: 767px) 82vw, 740px\" \/><\/a><\/figure>\n\n\n\n<p>Neben unserem Sicherheitssystem wachen auch unsere Nella und Lea \u00fcber alles, was sich in unserer Goldschmiede abspielt. Beide freuen sich ebenfalls \u00fcber unsere Besucher und Kunden.  <\/p>\n\n\n\n<p>Hunde sind bei uns selbstverst\u00e4ndlich immer herzlich willkommen!<\/p>\n\n\n\n<figure class=\"wp-block-image size-large\"><a href=\"https:\/\/goldschmiede-voege.de\/wp-content\/uploads\/2024\/02\/Nella-Lea-Goldschmiede-liegend.jpg\"><img decoding=\"async\" loading=\"lazy\" width=\"1024\" height=\"576\" src=\"https:\/\/goldschmiede-voege.de\/wp-content\/uploads\/2024\/02\/Nella-Lea-Goldschmiede-liegend-1024x576.jpg\" alt=\"\" class=\"wp-image-548\" srcset=\"https:\/\/goldschmiede-voege.de\/wp-content\/uploads\/2024\/02\/Nella-Lea-Goldschmiede-liegend-1024x576.jpg 1024w, https:\/\/goldschmiede-voege.de\/wp-content\/uploads\/2024\/02\/Nella-Lea-Goldschmiede-liegend-300x169.jpg 300w, https:\/\/goldschmiede-voege.de\/wp-content\/uploads\/2024\/02\/Nella-Lea-Goldschmiede-liegend-768x432.jpg 768w, https:\/\/goldschmiede-voege.de\/wp-content\/uploads\/2024\/02\/Nella-Lea-Goldschmiede-liegend-1536x864.jpg 1536w, https:\/\/goldschmiede-voege.de\/wp-content\/uploads\/2024\/02\/Nella-Lea-Goldschmiede-liegend.jpg 2048w\" sizes=\"(max-width: 706px) 89vw, (max-width: 767px) 82vw, 740px\" \/><\/a><\/figure>\n\n\n<div class=\"wp-block-image\">\n<figure class=\"aligncenter size-large\"><a href=\"https:\/\/goldschmiede-voege.de\/wp-content\/uploads\/2021\/04\/Nella2.jpg\"><img decoding=\"async\" loading=\"lazy\" width=\"376\" height=\"450\" src=\"http:\/\/goldschmiede-voege.de\/wp-content\/uploads\/2021\/04\/Nella2.jpg\" alt=\"\" class=\"wp-image-240\" srcset=\"https:\/\/goldschmiede-voege.de\/wp-content\/uploads\/2021\/04\/Nella2.jpg 376w, https:\/\/goldschmiede-voege.de\/wp-content\/uploads\/2021\/04\/Nella2-251x300.jpg 251w\" sizes=\"(max-width: 376px) 100vw, 376px\" \/><\/a><\/figure><\/div>","protected":false},"excerpt":{"rendered":"<p>Neben unserem Sicherheitssystem wachen auch unsere Nella und Lea \u00fcber alles, was sich in unserer Goldschmiede abspielt. Beide freuen sich ebenfalls \u00fcber unsere Besucher und Kunden. Hunde sind bei uns selbstverst\u00e4ndlich immer herzlich willkommen!<\/p>\n","protected":false},"author":1,"featured_media":0,"parent":0,"menu_order":0,"comment_status":"closed","ping_status":"closed","template":"","meta":{"footnotes":""},"_links":{"self":[{"href":"https:\/\/goldschmiede-voege.de\/index.php?rest_route=\/wp\/v2\/pages\/239"}],"collection":[{"href":"https:\/\/goldschmiede-voege.de\/index.php?rest_route=\/wp\/v2\/pages"}],"about":[{"href":"https:\/\/goldschmiede-voege.de\/index.php?rest_route=\/wp\/v2\/types\/page"}],"author":[{"embeddable":true,"href":"https:\/\/goldschmiede-voege.de\/index.php?rest_route=\/wp\/v2\/users\/1"}],"replies":[{"embeddable":true,"href":"https:\/\/goldschmiede-voege.de\/index.php?rest_route=%2Fwp%2Fv2%2Fcomments&post=239"}],"version-history":[{"count":12,"href":"https:\/\/goldschmiede-voege.de\/index.php?rest_route=\/wp\/v2\/pages\/239\/revisions"}],"predecessor-version":[{"id":550,"href":"https:\/\/goldschmiede-voege.de\/index.php?rest_route=\/wp\/v2\/pages\/239\/revisions\/550"}],"wp:attachment":[{"href":"https:\/\/goldschmiede-voege.de\/index.php?rest_route=%2Fwp%2Fv2%2Fmedia&parent=239"}],"curies":[{"name":"wp","href":"https:\/\/api.w.org\/{rel}","templated":true}]}}