{"id":260,"date":"2021-04-27T10:38:13","date_gmt":"2021-04-27T10:38:13","guid":{"rendered":"https:\/\/goldschmiede-voege.de\/?page_id=260"},"modified":"2021-05-11T13:03:58","modified_gmt":"2021-05-11T13:03:58","slug":"goldschmiede","status":"publish","type":"page","link":"https:\/\/goldschmiede-voege.de\/?page_id=260","title":{"rendered":"Goldschmiede"},"content":{"rendered":"\n<figure class=\"wp-block-image size-large\"><a href=\"https:\/\/goldschmiede-voege.de\/wp-content\/uploads\/2021\/04\/Schmiede-outside.jpg\" target=\"_blank\" rel=\"noopener\"><img decoding=\"async\" loading=\"lazy\" width=\"1024\" height=\"576\" src=\"http:\/\/goldschmiede-voege.de\/wp-content\/uploads\/2021\/04\/Schmiede-outside-1024x576.jpg\" alt=\"\" class=\"wp-image-81\" srcset=\"https:\/\/goldschmiede-voege.de\/wp-content\/uploads\/2021\/04\/Schmiede-outside-1024x576.jpg 1024w, https:\/\/goldschmiede-voege.de\/wp-content\/uploads\/2021\/04\/Schmiede-outside-300x169.jpg 300w, https:\/\/goldschmiede-voege.de\/wp-content\/uploads\/2021\/04\/Schmiede-outside-768x432.jpg 768w, https:\/\/goldschmiede-voege.de\/wp-content\/uploads\/2021\/04\/Schmiede-outside-1536x864.jpg 1536w, https:\/\/goldschmiede-voege.de\/wp-content\/uploads\/2021\/04\/Schmiede-outside.jpg 1600w\" sizes=\"(max-width: 706px) 89vw, (max-width: 767px) 82vw, 740px\" \/><\/a><figcaption>Goldschmiede Maren V\u00f6ge<\/figcaption><\/figure>\n\n\n\n<p>Sch\u00f6n, dass Sie da sind und herzlich willkommen auf der Homepage der Goldschmiede Maren V\u00f6ge.  <\/p>\n\n\n\n<p>Die Goldschmiede k\u00f6nnen Sie im malerischen Brodersdorf in Schleswig Holstein sehr nahe der Ostsee besuchen.  <\/p>\n\n\n\n<p>Die genaue Anschrift und die aktuellen \u00d6ffnungszeiten k\u00f6nnen Sie <a href=\"https:\/\/goldschmiede-voege.de\/?page_id=28\" data-type=\"URL\">hier <\/a>einsehen.<\/p>\n\n\n\n<figure class=\"wp-block-image size-large\"><a href=\"https:\/\/goldschmiede-voege.de\/wp-content\/uploads\/2021\/04\/Vorderfront-2.jpg\" target=\"_blank\" rel=\"noopener\"><img decoding=\"async\" loading=\"lazy\" width=\"1024\" height=\"608\" src=\"http:\/\/goldschmiede-voege.de\/wp-content\/uploads\/2021\/04\/Vorderfront-2-1024x608.jpg\" alt=\"\" class=\"wp-image-300\" srcset=\"https:\/\/goldschmiede-voege.de\/wp-content\/uploads\/2021\/04\/Vorderfront-2-1024x608.jpg 1024w, https:\/\/goldschmiede-voege.de\/wp-content\/uploads\/2021\/04\/Vorderfront-2-300x178.jpg 300w, https:\/\/goldschmiede-voege.de\/wp-content\/uploads\/2021\/04\/Vorderfront-2-768x456.jpg 768w, https:\/\/goldschmiede-voege.de\/wp-content\/uploads\/2021\/04\/Vorderfront-2.jpg 1439w\" sizes=\"(max-width: 706px) 89vw, (max-width: 767px) 82vw, 740px\" \/><\/a><\/figure>\n\n\n\n<p><\/p>\n\n\n\n<p><\/p>\n","protected":false},"excerpt":{"rendered":"<p>Sch\u00f6n, dass Sie da sind und herzlich willkommen auf der Homepage der Goldschmiede Maren V\u00f6ge. Die Goldschmiede k\u00f6nnen Sie im malerischen Brodersdorf in Schleswig Holstein sehr nahe der Ostsee besuchen. Die genaue Anschrift und die aktuellen \u00d6ffnungszeiten k\u00f6nnen Sie hier einsehen.<\/p>\n","protected":false},"author":1,"featured_media":0,"parent":0,"menu_order":0,"comment_status":"closed","ping_status":"closed","template":"","meta":{"footnotes":""},"_links":{"self":[{"href":"https:\/\/goldschmiede-voege.de\/index.php?rest_route=\/wp\/v2\/pages\/260"}],"collection":[{"href":"https:\/\/goldschmiede-voege.de\/index.php?rest_route=\/wp\/v2\/pages"}],"about":[{"href":"https:\/\/goldschmiede-voege.de\/index.php?rest_route=\/wp\/v2\/types\/page"}],"author":[{"embeddable":true,"href":"https:\/\/goldschmiede-voege.de\/index.php?rest_route=\/wp\/v2\/users\/1"}],"replies":[{"embeddable":true,"href":"https:\/\/goldschmiede-voege.de\/index.php?rest_route=%2Fwp%2Fv2%2Fcomments&post=260"}],"version-history":[{"count":30,"href":"https:\/\/goldschmiede-voege.de\/index.php?rest_route=\/wp\/v2\/pages\/260\/revisions"}],"predecessor-version":[{"id":405,"href":"https:\/\/goldschmiede-voege.de\/index.php?rest_route=\/wp\/v2\/pages\/260\/revisions\/405"}],"wp:attachment":[{"href":"https:\/\/goldschmiede-voege.de\/index.php?rest_route=%2Fwp%2Fv2%2Fmedia&parent=260"}],"curies":[{"name":"wp","href":"https:\/\/api.w.org\/{rel}","templated":true}]}}