{"id":28,"date":"2021-04-26T05:43:54","date_gmt":"2021-04-26T05:43:54","guid":{"rendered":"https:\/\/goldschmiede-voege.de\/?page_id=28"},"modified":"2026-03-14T11:24:59","modified_gmt":"2026-03-14T11:24:59","slug":"kontakt","status":"publish","type":"page","link":"https:\/\/goldschmiede-voege.de\/?page_id=28","title":{"rendered":"Kontakt &#038; \u00d6ffnungszeiten"},"content":{"rendered":"\n<figure class=\"wp-block-image size-large\"><a href=\"https:\/\/goldschmiede-voege.de\/wp-content\/uploads\/2021\/04\/Schmiede-innen-5.jpg\" target=\"_blank\" rel=\"noopener\"><img decoding=\"async\" loading=\"lazy\" width=\"1024\" height=\"527\" src=\"https:\/\/goldschmiede-voege.de\/wp-content\/uploads\/2021\/04\/Schmiede-innen-5-1024x527.jpg\" alt=\"\" class=\"wp-image-173\" srcset=\"https:\/\/goldschmiede-voege.de\/wp-content\/uploads\/2021\/04\/Schmiede-innen-5-1024x527.jpg 1024w, https:\/\/goldschmiede-voege.de\/wp-content\/uploads\/2021\/04\/Schmiede-innen-5-300x155.jpg 300w, https:\/\/goldschmiede-voege.de\/wp-content\/uploads\/2021\/04\/Schmiede-innen-5-768x396.jpg 768w, https:\/\/goldschmiede-voege.de\/wp-content\/uploads\/2021\/04\/Schmiede-innen-5.jpg 1332w\" sizes=\"(max-width: 706px) 89vw, (max-width: 767px) 82vw, 740px\" \/><\/a><\/figure>\n\n\n\n<p>Goldschmiede Maren V\u00f6ge<\/p>\n\n\n\n<p class=\"has-normal-font-size\" style=\"line-height:0.5\">Dorfstrasse 3<\/p>\n\n\n\n<p class=\"has-normal-font-size\" style=\"line-height:0.5\">24235 Brodersdorf<\/p>\n\n\n\n<p class=\"has-normal-font-size\" style=\"line-height:0.5\">Telefon: 04343 494 55 80<\/p>\n\n\n\n<p class=\"has-normal-font-size\" style=\"line-height:0.5\">mobil:           0173 23 202 46<\/p>\n\n\n\n<p class=\"has-normal-font-size\" style=\"line-height:0.5\">eMail:            info@goldschmiede-voege.de &amp; info@maren-voege.de<\/p>\n\n\n\n<p>Wir freuen uns auf Ihre Nachricht und nat\u00fcrlich ganz besonders auf Ihren Besuch vor Ort.<\/p>\n\n\n\n<p><strong>\u00d6ffnungszeiten der Goldschmiede:<\/strong><\/p>\n\n\n\n<p><\/p>\n\n\n\n<p>Sommerzeiten (01. M\u00e4rz &#8211; 30. September)<\/p>\n\n\n\n<ul>\n<li>Dienstags &amp; Donnerstags: 12.00 Uhr \u2013 15.00 Uhr<\/li>\n\n\n\n<li>Mittwochs:                                 15.00 Uhr \u2013 18.00 Uhr<\/li>\n<\/ul>\n\n\n\n<p>Winterzeiten (01. Oktober &#8211; 28. Februar)<\/p>\n\n\n\n<ul>\n<li>Dienstags &amp; Donnerstags: 12.00 Uhr \u2013 15.00 Uhr<\/li>\n\n\n\n<li>Mittwochs:                                09.00 Uhr \u2013 12.00 Uhr<\/li>\n<\/ul>\n\n\n\n<p>Individuelle Terminabsprachen au\u00dferhalb dieser Zeiten sind selbstverst\u00e4ndlich m\u00f6glich.<\/p>\n","protected":false},"excerpt":{"rendered":"<p>Goldschmiede Maren V\u00f6ge Dorfstrasse 3 24235 Brodersdorf Telefon: 04343 494 55 80 mobil: 0173 23 202 46 eMail: info@goldschmiede-voege.de &amp; info@maren-voege.de Wir freuen uns auf Ihre Nachricht und nat\u00fcrlich ganz besonders auf Ihren Besuch vor Ort. \u00d6ffnungszeiten der Goldschmiede: Sommerzeiten (01. M\u00e4rz &#8211; 30. September) Winterzeiten (01. Oktober &#8211; 28. Februar) Individuelle Terminabsprachen au\u00dferhalb dieser &hellip; <\/p>\n<p class=\"link-more\"><a href=\"https:\/\/goldschmiede-voege.de\/?page_id=28\" class=\"more-link\"><span class=\"screen-reader-text\">\u201eKontakt &#038; \u00d6ffnungszeiten\u201c<\/span> weiterlesen<\/a><\/p>\n","protected":false},"author":1,"featured_media":0,"parent":0,"menu_order":0,"comment_status":"closed","ping_status":"closed","template":"","meta":{"footnotes":""},"_links":{"self":[{"href":"https:\/\/goldschmiede-voege.de\/index.php?rest_route=\/wp\/v2\/pages\/28"}],"collection":[{"href":"https:\/\/goldschmiede-voege.de\/index.php?rest_route=\/wp\/v2\/pages"}],"about":[{"href":"https:\/\/goldschmiede-voege.de\/index.php?rest_route=\/wp\/v2\/types\/page"}],"author":[{"embeddable":true,"href":"https:\/\/goldschmiede-voege.de\/index.php?rest_route=\/wp\/v2\/users\/1"}],"replies":[{"embeddable":true,"href":"https:\/\/goldschmiede-voege.de\/index.php?rest_route=%2Fwp%2Fv2%2Fcomments&post=28"}],"version-history":[{"count":30,"href":"https:\/\/goldschmiede-voege.de\/index.php?rest_route=\/wp\/v2\/pages\/28\/revisions"}],"predecessor-version":[{"id":603,"href":"https:\/\/goldschmiede-voege.de\/index.php?rest_route=\/wp\/v2\/pages\/28\/revisions\/603"}],"wp:attachment":[{"href":"https:\/\/goldschmiede-voege.de\/index.php?rest_route=%2Fwp%2Fv2%2Fmedia&parent=28"}],"curies":[{"name":"wp","href":"https:\/\/api.w.org\/{rel}","templated":true}]}}